{"id":172,"date":"2016-11-19T15:27:44","date_gmt":"2016-11-19T15:27:44","guid":{"rendered":"http:\/\/tarka.hu\/?page_id=172"},"modified":"2016-11-30T21:50:56","modified_gmt":"2016-11-30T21:50:56","slug":"kontakt","status":"publish","type":"page","link":"https:\/\/tarka.hu\/en\/kontakt\/","title":{"rendered":"kontakt"},"content":{"rendered":"<p><\/p>\n<p style=\"text-align: center;\"><span style=\"color: #d90000;\">Tam\u00e1s L\u00e9vai<\/span><br \/>\n<span style=\"color: #d90000;\">\u00c1gnes J\u00f3szai<\/span><\/p>\n<table>\n<tbody>\n<tr>\n<td style=\"text-align: right;\"><span style=\"color: #d90000;\">mobil:<\/span><\/td>\n<td style=\"text-align: left;\"><span style=\"color: #d90000;\">+36 30 3248641<\/span><\/td>\n<\/tr>\n<tr>\n<td style=\"text-align: right;\"><span style=\"color: #d90000;\">e-mail:<\/span><\/td>\n<td style=\"text-align: left;\"><span style=\"color: #d90000;\">tarka@tarka.hu<\/span><\/td>\n<\/tr>\n<tr>\n<td style=\"text-align: right;\"><span style=\"color: #d90000;\">address:<\/span><\/td>\n<td style=\"text-align: left;\"><span style=\"color: #d90000;\">Hungary 1021 Budapest, Vadaskerti street 11.<\/span><\/td>\n<\/tr>\n<\/tbody>\n<\/table>\n<p <\/p>\n<p style=\"text-align: center;\">\n<div id=\"wpgmza_map_1\" class=\"wpgmza_map wpgmza-auto-left\" style=\"display:block;width:100\\%;height:600px;overflow:hidden;position:relative;\" data-map-id=\"1\" data-maps-engine=\"\" data-build-engine=\"atlas-novus\" data-shortcode-attributes=\"{&quot;id&quot;:&quot;1&quot;,&quot;zoom&quot;:false,&quot;width&quot;:false,&quot;height&quot;:false,&quot;marker&quot;:false,&quot;classname&quot;:false}\" data-settings=\"{&quot;map_title&quot;:&quot;My first map&quot;,&quot;map_width&quot;:&quot;100&quot;,&quot;map_height&quot;:&quot;600&quot;,&quot;map_start_lat&quot;:&quot;47.531850&quot;,&quot;map_start_lng&quot;:&quot;18.981310&quot;,&quot;map_start_location&quot;:&quot;47.53185000000001,18.981310439147915&quot;,&quot;map_start_zoom&quot;:&quot;15&quot;,&quot;default_marker&quot;:&quot;0&quot;,&quot;type&quot;:&quot;1&quot;,&quot;alignment&quot;:&quot;2&quot;,&quot;directions_enabled&quot;:&quot;1&quot;,&quot;styling_enabled&quot;:&quot;0&quot;,&quot;styling_json&quot;:&quot;&quot;,&quot;active&quot;:&quot;0&quot;,&quot;kml&quot;:&quot;&quot;,&quot;bicycle&quot;:&quot;2&quot;,&quot;traffic&quot;:&quot;2&quot;,&quot;dbox&quot;:&quot;1&quot;,&quot;dbox_width&quot;:&quot;100&quot;,&quot;listmarkers&quot;:&quot;0&quot;,&quot;listmarkers_advanced&quot;:&quot;0&quot;,&quot;filterbycat&quot;:&quot;0&quot;,&quot;ugm_enabled&quot;:&quot;0&quot;,&quot;ugm_category_enabled&quot;:&quot;0&quot;,&quot;fusion&quot;:&quot;&quot;,&quot;map_width_type&quot;:&quot;\\\\%&quot;,&quot;map_height_type&quot;:&quot;px&quot;,&quot;mass_marker_support&quot;:&quot;1&quot;,&quot;ugm_access&quot;:&quot;0&quot;,&quot;order_markers_by&quot;:&quot;1&quot;,&quot;order_markers_choice&quot;:&quot;2&quot;,&quot;show_user_location&quot;:&quot;0&quot;,&quot;default_to&quot;:&quot;&quot;,&quot;store_locator_enabled&quot;:2,&quot;store_locator_distance&quot;:2,&quot;store_locator_bounce&quot;:1,&quot;store_locator_query_string&quot;:&quot;ZIP \\\/ Address:&quot;,&quot;wpgmza_store_locator_restrict&quot;:&quot;&quot;,&quot;map_max_zoom&quot;:&quot;1&quot;,&quot;transport_layer&quot;:2,&quot;wpgmza_theme_data&quot;:&quot;[{\\\\\\&quot;featureType\\\\\\&quot;:\\\\\\&quot;administrative.locality\\\\\\&quot;,\\\\\\&quot;elementType\\\\\\&quot;:\\\\\\&quot;all\\\\\\&quot;,\\\\\\&quot;stylers\\\\\\&quot;:[{\\\\\\&quot;hue\\\\\\&quot;:\\\\\\&quot;#2c2e33\\\\\\&quot;},{\\\\\\&quot;saturation\\\\\\&quot;:7},{\\\\\\&quot;lightness\\\\\\&quot;:19},{\\\\\\&quot;visibility\\\\\\&quot;:\\\\\\&quot;on\\\\\\&quot;}]},{\\\\\\&quot;featureType\\\\\\&quot;:\\\\\\&quot;landscape\\\\\\&quot;,\\\\\\&quot;elementType\\\\\\&quot;:\\\\\\&quot;all\\\\\\&quot;,\\\\\\&quot;stylers\\\\\\&quot;:[{\\\\\\&quot;hue\\\\\\&quot;:\\\\\\&quot;#ffffff\\\\\\&quot;},{\\\\\\&quot;saturation\\\\\\&quot;:-100},{\\\\\\&quot;lightness\\\\\\&quot;:100},{\\\\\\&quot;visibility\\\\\\&quot;:\\\\\\&quot;simplified\\\\\\&quot;}]},{\\\\\\&quot;featureType\\\\\\&quot;:\\\\\\&quot;poi\\\\\\&quot;,\\\\\\&quot;elementType\\\\\\&quot;:\\\\\\&quot;all\\\\\\&quot;,\\\\\\&quot;stylers\\\\\\&quot;:[{\\\\\\&quot;hue\\\\\\&quot;:\\\\\\&quot;#ffffff\\\\\\&quot;},{\\\\\\&quot;saturation\\\\\\&quot;:-100},{\\\\\\&quot;lightness\\\\\\&quot;:100},{\\\\\\&quot;visibility\\\\\\&quot;:\\\\\\&quot;off\\\\\\&quot;}]},{\\\\\\&quot;featureType\\\\\\&quot;:\\\\\\&quot;road\\\\\\&quot;,\\\\\\&quot;elementType\\\\\\&quot;:\\\\\\&quot;geometry\\\\\\&quot;,\\\\\\&quot;stylers\\\\\\&quot;:[{\\\\\\&quot;hue\\\\\\&quot;:\\\\\\&quot;#bbc0c4\\\\\\&quot;},{\\\\\\&quot;saturation\\\\\\&quot;:-93},{\\\\\\&quot;lightness\\\\\\&quot;:31},{\\\\\\&quot;visibility\\\\\\&quot;:\\\\\\&quot;simplified\\\\\\&quot;}]},{\\\\\\&quot;featureType\\\\\\&quot;:\\\\\\&quot;road\\\\\\&quot;,\\\\\\&quot;elementType\\\\\\&quot;:\\\\\\&quot;labels\\\\\\&quot;,\\\\\\&quot;stylers\\\\\\&quot;:[{\\\\\\&quot;hue\\\\\\&quot;:\\\\\\&quot;#bbc0c4\\\\\\&quot;},{\\\\\\&quot;saturation\\\\\\&quot;:-93},{\\\\\\&quot;lightness\\\\\\&quot;:31},{\\\\\\&quot;visibility\\\\\\&quot;:\\\\\\&quot;on\\\\\\&quot;}]},{\\\\\\&quot;featureType\\\\\\&quot;:\\\\\\&quot;road.arterial\\\\\\&quot;,\\\\\\&quot;elementType\\\\\\&quot;:\\\\\\&quot;labels\\\\\\&quot;,\\\\\\&quot;stylers\\\\\\&quot;:[{\\\\\\&quot;hue\\\\\\&quot;:\\\\\\&quot;#bbc0c4\\\\\\&quot;},{\\\\\\&quot;saturation\\\\\\&quot;:-93},{\\\\\\&quot;lightness\\\\\\&quot;:-2},{\\\\\\&quot;visibility\\\\\\&quot;:\\\\\\&quot;simplified\\\\\\&quot;}]},{\\\\\\&quot;featureType\\\\\\&quot;:\\\\\\&quot;road.local\\\\\\&quot;,\\\\\\&quot;elementType\\\\\\&quot;:\\\\\\&quot;geometry\\\\\\&quot;,\\\\\\&quot;stylers\\\\\\&quot;:[{\\\\\\&quot;hue\\\\\\&quot;:\\\\\\&quot;#e9ebed\\\\\\&quot;},{\\\\\\&quot;saturation\\\\\\&quot;:-90},{\\\\\\&quot;lightness\\\\\\&quot;:-8},{\\\\\\&quot;visibility\\\\\\&quot;:\\\\\\&quot;simplified\\\\\\&quot;}]},{\\\\\\&quot;featureType\\\\\\&quot;:\\\\\\&quot;transit\\\\\\&quot;,\\\\\\&quot;elementType\\\\\\&quot;:\\\\\\&quot;all\\\\\\&quot;,\\\\\\&quot;stylers\\\\\\&quot;:[{\\\\\\&quot;hue\\\\\\&quot;:\\\\\\&quot;#e9ebed\\\\\\&quot;},{\\\\\\&quot;saturation\\\\\\&quot;:10},{\\\\\\&quot;lightness\\\\\\&quot;:69},{\\\\\\&quot;visibility\\\\\\&quot;:\\\\\\&quot;on\\\\\\&quot;}]},{\\\\\\&quot;featureType\\\\\\&quot;:\\\\\\&quot;water\\\\\\&quot;,\\\\\\&quot;elementType\\\\\\&quot;:\\\\\\&quot;all\\\\\\&quot;,\\\\\\&quot;stylers\\\\\\&quot;:[{\\\\\\&quot;hue\\\\\\&quot;:\\\\\\&quot;#e9ebed\\\\\\&quot;},{\\\\\\&quot;saturation\\\\\\&quot;:-78},{\\\\\\&quot;lightness\\\\\\&quot;:67},{\\\\\\&quot;visibility\\\\\\&quot;:\\\\\\&quot;simplified\\\\\\&quot;}]}]&quot;,&quot;wpgmza_theme_selection&quot;:7,&quot;id&quot;:1}\" ><\/div>\n<p><\/p>","protected":false},"excerpt":{"rendered":"<p>Tam\u00e1s L\u00e9vai \u00c1gnes J\u00f3szai mobil: +36 30 3248641 e-mail: tarka@tarka.hu address: Hungary 1021 Budapest, Vadaskerti street 11.<\/p>\n","protected":false},"author":1,"featured_media":0,"parent":0,"menu_order":0,"comment_status":"closed","ping_status":"closed","template":"page-templates\/page_fullwidth.php","meta":{"footnotes":""},"class_list":["post-172","page","type-page","status-publish","hentry"],"_links":{"self":[{"href":"https:\/\/tarka.hu\/en\/wp-json\/wp\/v2\/pages\/172","targetHints":{"allow":["GET"]}}],"collection":[{"href":"https:\/\/tarka.hu\/en\/wp-json\/wp\/v2\/pages"}],"about":[{"href":"https:\/\/tarka.hu\/en\/wp-json\/wp\/v2\/types\/page"}],"author":[{"embeddable":true,"href":"https:\/\/tarka.hu\/en\/wp-json\/wp\/v2\/users\/1"}],"replies":[{"embeddable":true,"href":"https:\/\/tarka.hu\/en\/wp-json\/wp\/v2\/comments?post=172"}],"version-history":[{"count":7,"href":"https:\/\/tarka.hu\/en\/wp-json\/wp\/v2\/pages\/172\/revisions"}],"predecessor-version":[{"id":203,"href":"https:\/\/tarka.hu\/en\/wp-json\/wp\/v2\/pages\/172\/revisions\/203"}],"wp:attachment":[{"href":"https:\/\/tarka.hu\/en\/wp-json\/wp\/v2\/media?parent=172"}],"curies":[{"name":"wp","href":"https:\/\/api.w.org\/{rel}","templated":true}]}}