{"id":168,"date":"2016-11-19T14:06:42","date_gmt":"2016-11-19T14:06:42","guid":{"rendered":"http:\/\/tarka.hu\/?page_id=168"},"modified":"2021-10-01T06:59:55","modified_gmt":"2021-10-01T06:59:55","slug":"rolunk","status":"publish","type":"page","link":"https:\/\/tarka.hu\/en\/rolunk\/","title":{"rendered":"staff"},"content":{"rendered":"<p>&nbsp;<\/p>\n<table>\n<tbody>\n<tr>\n<td style=\"text-align: right\"><span style=\"color: #d90000\">arhitects<br \/>\n<\/span><\/td>\n<td style=\"text-align: left\"><span style=\"color: #d90000\">L\u00e9vai, Tam\u00e1s<\/span><span style=\"color: #999999\"><a style=\"color: #999999\" href=\"https:\/\/tarka.hu\/\/wp-content\/uploads\/2021\/10\/CV-LT-en-s.pdf\"> CV<\/a><\/span><span style=\"color: #b5b5b5\">, <\/span><span style=\"color: #b5b5b5\"><a style=\"color: #b5b5b5\" href=\"https:\/\/hu.linkedin.com\/in\/levai?trk=prof-samename-name\" target=\"_blank\" rel=\"noopener noreferrer\">LinkedIn,<\/a> <a style=\"color: #b5b5b5\" href=\"https:\/\/www.facebook.com\/levai.toma\" target=\"_blank\" rel=\"noopener noreferrer\">Facebook<\/a><\/span><br \/>\n<span style=\"color: #d90000\"> J\u00f3szai, \u00c1gnes <span style=\"color: #b5b5b5\"><a style=\"color: #b5b5b5\" href=\"https:\/\/tarka.hu\/\/wp-content\/uploads\/2016\/12\/CV-JA\u0301-en.pdf\" target=\"_blank\" rel=\"noopener noreferrer\">CV,<\/a> <a style=\"color: #b5b5b5\" href=\"https:\/\/www.facebook.com\/joszaiagi?fref=ts\" target=\"_blank\" rel=\"noopener noreferrer\">Facebook<\/a><\/span><\/span><\/td>\n<\/tr>\n<tr>\n<td style=\"text-align: right\"><span style=\"color: #d90000\">previous partners<\/span><\/td>\n<td><span style=\"color: #d90000\">\u00a0<\/span><\/td>\n<\/tr>\n<tr>\n<td style=\"text-align: right\"><span style=\"color: #d90000\">architect<\/span><\/td>\n<td style=\"text-align: left\"><span style=\"color: #d90000\">Harnos, L\u00e1szl\u00f3<\/span><br \/>\n<span style=\"color: #d90000\"> Herczeg,Tam\u00e1s<\/span><br \/>\n<span style=\"color: #d90000\"> Meditz, Anna<\/span><br \/>\n<span style=\"color: #d90000\"> Helmle, Csaba<\/span><br \/>\n<span style=\"color: #d90000\"> Kert\u00e9sz, Bence<\/span><br \/>\n<span style=\"color: #d90000\"> Holl\u00f3, M\u00e1ty\u00e1s<\/span><br \/>\n<span style=\"color: #d90000\"> B\u00e1ger, Andr\u00e1s<\/span><br \/>\n<span style=\"color: #d90000\"> \u00c1rva, J\u00f3zsef<\/span><br \/>\n<span style=\"color: #d90000\"> Gaschler, G\u00e1bor<\/span><br \/>\n<span style=\"color: #d90000\"> \u0150rley, Bal\u00e1zs<\/span><br \/>\n<span style=\"color: #d90000\"> Holl\u00f3, Attila<\/span><br \/>\n<span style=\"color: #d90000\"> Bajnok, Csilla<\/span><br \/>\n<span style=\"color: #d90000\"> Juh\u00e1sz, Attila Krist\u00f3f<\/span><br \/>\n<span style=\"color: #d90000\"> Haraszti, L\u00edvia<\/span><br \/>\n<span style=\"color: #d90000\"> Luk\u00e1cs, P\u00e9ter<br \/>\nMadarasi Rita<br \/>\n<\/span><\/td>\n<\/tr>\n<tr>\n<td style=\"text-align: right\"><span style=\"color: #d90000\">model<\/span><\/td>\n<td style=\"text-align: left\"><span style=\"color: #d90000\">T\u00e1trai, \u00c1d\u00e1m<\/span><br \/>\n<span style=\"color: #d90000\"> Odry, Szilvia<\/span><br \/>\n<span style=\"color: #d90000\"> Meszes, M\u00e1rton<\/span><\/td>\n<\/tr>\n<tr>\n<td style=\"text-align: right\"><span style=\"color: #d90000\">visualisation<\/span><\/td>\n<td style=\"text-align: left\"><span style=\"color: #d90000\">Tari, B\u00e1lint<\/span><br \/>\n<span style=\"color: #d90000\"> Balogh, Andr\u00e1s Mikl\u00f3s<\/span><br \/>\n<span style=\"color: #d90000\"> Podlovics, Tam\u00e1s<\/span><\/td>\n<\/tr>\n<tr>\n<td style=\"text-align: right\"><span style=\"color: #d90000\">coordinate<\/span><\/td>\n<td style=\"text-align: left\"><span style=\"color: #d90000\">Veselin Zatazelo<\/span><br \/>\n<span style=\"color: #d90000\"> Primo\u017a Ho\u010devar<\/span><br \/>\n<span style=\"color: #d90000\"> Igor \u0160polar<\/span><\/td>\n<\/tr>\n<tr>\n<td style=\"text-align: right\"><span style=\"color: #d90000\">exhibition<\/span><\/td>\n<td style=\"text-align: left\"><span style=\"color: #d90000\">Bircs\u00e1k, Eszter<\/span><\/td>\n<\/tr>\n<tr>\n<td style=\"text-align: right\"><span style=\"color: #d90000\">lightning design<\/span><\/td>\n<td style=\"text-align: left\"><span style=\"color: #d90000\">Ha\u00e1sz, Ferenc<\/span><br \/>\n<span style=\"color: #d90000\"> Pelyhe, J\u00e1nos<\/span><br \/>\n<span style=\"color: #d90000\"> Jerzsa, Attila<\/span><br \/>\n<span style=\"color: #d90000\"> Harnos, Jen\u0151<\/span><\/td>\n<\/tr>\n<tr>\n<td style=\"text-align: right\"><span style=\"color: #d90000\">animation<\/span><\/td>\n<td style=\"text-align: left\"><span style=\"color: #d90000\">Samu, Bence<\/span><\/td>\n<\/tr>\n<tr>\n<td style=\"text-align: right\"><span style=\"color: #d90000\">music<\/span><\/td>\n<td style=\"text-align: left\"><span style=\"color: #d90000\">Nagy, \u00c1goston<\/span><\/td>\n<\/tr>\n<tr>\n<td style=\"text-align: right\"><span style=\"color: #d90000\">structural engineer<\/span><\/td>\n<td style=\"text-align: left\"><span style=\"color: #d90000\">Sipos, Andr\u00e1s<\/span><br \/>\n<span style=\"color: #d90000\"> Hegyi, Dezs\u0151<\/span><br \/>\n<span style=\"color: #d90000\"> Uros Zvan<\/span><\/td>\n<\/tr>\n<tr>\n<td style=\"text-align: right\"><span style=\"color: #d90000\">mechanical engineer<\/span><\/td>\n<td style=\"text-align: left\"><span style=\"color: #d90000\">Battai, Tibor<\/span><br \/>\n<span style=\"color: #d90000\"> Fischer Tam\u00e1s<\/span><br \/>\n<span style=\"color: #d90000\"> Bojan Fabcic<\/span><br \/>\n<span style=\"color: #d90000\"> Fenyvesi, P\u00e9ter<\/span><\/td>\n<\/tr>\n<tr>\n<td style=\"text-align: right\"><span style=\"color: #d90000\">electrical engineer<\/span><\/td>\n<td style=\"text-align: left\"><span style=\"color: #d90000\">N\u00e9meti, Ferenc<\/span><br \/>\n<span style=\"color: #d90000\"> Ivan Stepisnik<\/span><\/td>\n<\/tr>\n<tr>\n<td style=\"text-align: right\"><span style=\"color: #d90000\">construction details<\/span><\/td>\n<td style=\"text-align: left\"><span style=\"color: #d90000\">Szecsk\u0151, Hel\u00e9na<\/span><\/td>\n<\/tr>\n<tr>\n<td style=\"text-align: right\"><span style=\"color: #d90000\">stage technic<\/span><\/td>\n<td style=\"text-align: left\"><span style=\"color: #d90000\">Barna, J\u00e1nos<\/span><\/td>\n<\/tr>\n<tr>\n<td style=\"text-align: right\"><span style=\"color: #d90000\">landscape architect<\/span><\/td>\n<td style=\"text-align: left\"><span style=\"color: #d90000\">B\u00e1n, Karolin<\/span><br \/>\n<span style=\"color: #d90000\"> Ljubo Hansel<\/span><\/td>\n<\/tr>\n<tr>\n<td style=\"text-align: right\"><span style=\"color: #d90000\">acoustic<\/span><\/td>\n<td style=\"text-align: left\"><span style=\"color: #d90000\">Kotschy, Andr\u00e1s<\/span><br \/>\n<span style=\"color: #d90000\"> Borsin\u00e9 Arat\u00f3, \u00c9va<\/span><\/td>\n<\/tr>\n<tr>\n<td style=\"text-align: right\"><span style=\"color: #d90000\">fire protection<\/span><\/td>\n<td style=\"text-align: left\"><span style=\"color: #d90000\">Gombik, K\u00e1rolyn\u00e9<\/span><br \/>\n<span style=\"color: #d90000\"> Danilo Fras<\/span><br \/>\n<span style=\"color: #d90000\"> Mikus, Ferenc<\/span><\/td>\n<\/tr>\n<tr>\n<td style=\"text-align: right\"><span style=\"color: #d90000\">building physics<\/span><\/td>\n<td style=\"text-align: left\"><span style=\"color: #d90000\">Vlado Fras<\/span><\/td>\n<\/tr>\n<tr>\n<td style=\"text-align: right\"><span style=\"color: #d90000\">safety systems<\/span><\/td>\n<td style=\"text-align: left\"><span style=\"color: #d90000\">Matej Kop<\/span><\/td>\n<\/tr>\n<tr>\n<td style=\"text-align: right\"><span style=\"color: #d90000\">kitchen technology<\/span><\/td>\n<td style=\"text-align: left\"><span style=\"color: #d90000\">Igor Goji\u010d<\/span><\/td>\n<\/tr>\n<tr>\n<td style=\"text-align: right\"><span style=\"color: #d90000\">elevator\u00a0<\/span><\/td>\n<td style=\"text-align: left\"><span style=\"color: #d90000\">S\u00e1f\u00e1r, Zsolt\u00a0<\/span><\/td>\n<\/tr>\n<tr>\n<td style=\"text-align: right\"><span style=\"color: #d90000\">concret technology\u00a0<\/span><\/td>\n<td style=\"text-align: left\"><span style=\"color: #d90000\">Varga, P\u00e9ter Istv\u00e1n\u00a0<\/span><\/td>\n<\/tr>\n<tr>\n<td style=\"text-align: right\"><span style=\"color: #d90000\">glass structure\u00a0<\/span><\/td>\n<td style=\"text-align: left\"><span style=\"color: #d90000\">Kronavetter, Istv\u00e1n\u00a0<\/span><\/td>\n<\/tr>\n<\/tbody>\n<\/table>\n<p><\/p>","protected":false},"excerpt":{"rendered":"<p>&nbsp; arhitects L\u00e9vai, Tam\u00e1s CV, LinkedIn, Facebook J\u00f3szai, \u00c1gnes CV, Facebook previous partners \u00a0 architect Harnos, L\u00e1szl\u00f3 Herczeg,Tam\u00e1s Meditz, Anna Helmle, Csaba Kert\u00e9sz, Bence Holl\u00f3, M\u00e1ty\u00e1s B\u00e1ger, Andr\u00e1s \u00c1rva, J\u00f3zsef Gaschler, G\u00e1bor \u0150rley, Bal\u00e1zs Holl\u00f3, Attila Bajnok, Csilla Juh\u00e1sz, Attila Krist\u00f3f Haraszti, L\u00edvia Luk\u00e1cs, P\u00e9ter Madarasi Rita model T\u00e1trai, \u00c1d\u00e1m Odry, Szilvia Meszes, M\u00e1rton visualisation [&hellip;]<\/p>\n","protected":false},"author":1,"featured_media":0,"parent":0,"menu_order":0,"comment_status":"closed","ping_status":"closed","template":"page-templates\/page_fullwidth.php","meta":{"footnotes":""},"class_list":["post-168","page","type-page","status-publish","hentry"],"_links":{"self":[{"href":"https:\/\/tarka.hu\/en\/wp-json\/wp\/v2\/pages\/168","targetHints":{"allow":["GET"]}}],"collection":[{"href":"https:\/\/tarka.hu\/en\/wp-json\/wp\/v2\/pages"}],"about":[{"href":"https:\/\/tarka.hu\/en\/wp-json\/wp\/v2\/types\/page"}],"author":[{"embeddable":true,"href":"https:\/\/tarka.hu\/en\/wp-json\/wp\/v2\/users\/1"}],"replies":[{"embeddable":true,"href":"https:\/\/tarka.hu\/en\/wp-json\/wp\/v2\/comments?post=168"}],"version-history":[{"count":34,"href":"https:\/\/tarka.hu\/en\/wp-json\/wp\/v2\/pages\/168\/revisions"}],"predecessor-version":[{"id":604,"href":"https:\/\/tarka.hu\/en\/wp-json\/wp\/v2\/pages\/168\/revisions\/604"}],"wp:attachment":[{"href":"https:\/\/tarka.hu\/en\/wp-json\/wp\/v2\/media?parent=168"}],"curies":[{"name":"wp","href":"https:\/\/api.w.org\/{rel}","templated":true}]}}